{"id":202,"date":"2026-04-18T10:11:01","date_gmt":"2026-04-18T02:11:01","guid":{"rendered":"https:\/\/jersey7906.vipshopia.com\/?page_id=202"},"modified":"2026-04-28T14:12:04","modified_gmt":"2026-04-28T06:12:04","slug":"faq","status":"publish","type":"page","link":"https:\/\/jersey7906.vipshopia.com\/es\/faq\/","title":{"rendered":"PREGUNTAS FRECUENTES"},"content":{"rendered":"<div data-elementor-type=\"wp-page\" data-elementor-id=\"202\" class=\"elementor elementor-202\" data-elementor-post-type=\"page\">\n\t\t\t\t\t\t<section class=\"elementor-section elementor-top-section elementor-element elementor-element-1546d219 elementor-section-boxed elementor-section-height-default elementor-section-height-default\" data-id=\"1546d219\" data-element_type=\"section\" data-e-type=\"section\" data-settings=\"{&quot;background_background&quot;:&quot;classic&quot;}\">\n\t\t\t\t\t\t\t<div class=\"elementor-background-overlay\"><\/div>\n\t\t\t\t\t\t\t<div class=\"elementor-container elementor-column-gap-default\">\n\t\t\t\t\t<div class=\"elementor-column elementor-col-100 elementor-top-column elementor-element elementor-element-b364f11\" data-id=\"b364f11\" data-element_type=\"column\" data-e-type=\"column\">\n\t\t\t<div class=\"elementor-widget-wrap elementor-element-populated\">\n\t\t\t\t\t\t<div class=\"elementor-element elementor-element-5be4fc31 elementor-widget elementor-widget-heading\" data-id=\"5be4fc31\" data-element_type=\"widget\" data-e-type=\"widget\" data-widget_type=\"heading.default\">\n\t\t\t\t\t<h2 class=\"elementor-heading-title elementor-size-default\">PREGUNTAS FRECUENTES<\/h2>\t\t\t\t<\/div>\n\t\t\t\t\t<\/div>\n\t\t<\/div>\n\t\t\t\t\t<\/div>\n\t\t<\/section>\n\t\t\t\t<section class=\"elementor-section elementor-top-section elementor-element elementor-element-45ff77e2 elementor-section-boxed elementor-section-height-default elementor-section-height-default\" data-id=\"45ff77e2\" data-element_type=\"section\" data-e-type=\"section\">\n\t\t\t\t\t\t<div class=\"elementor-container elementor-column-gap-no\">\n\t\t\t\t\t<div class=\"elementor-column elementor-col-100 elementor-top-column elementor-element elementor-element-3230a56e\" data-id=\"3230a56e\" data-element_type=\"column\" data-e-type=\"column\">\n\t\t\t<div class=\"elementor-widget-wrap elementor-element-populated\">\n\t\t\t\t\t\t<section class=\"elementor-section elementor-inner-section elementor-element elementor-element-37c81ea8 elementor-section-boxed elementor-section-height-default elementor-section-height-default\" data-id=\"37c81ea8\" data-element_type=\"section\" data-e-type=\"section\">\n\t\t\t\t\t\t<div class=\"elementor-container elementor-column-gap-no\">\n\t\t\t\t\t<div class=\"elementor-column elementor-col-50 elementor-inner-column elementor-element elementor-element-262120ea\" data-id=\"262120ea\" data-element_type=\"column\" data-e-type=\"column\">\n\t\t\t<div class=\"elementor-widget-wrap elementor-element-populated\">\n\t\t\t\t\t\t<div class=\"elementor-element elementor-element-221d5c2a elementor-widget elementor-widget-image\" data-id=\"221d5c2a\" data-element_type=\"widget\" data-e-type=\"widget\" data-widget_type=\"image.default\">\n\t\t\t\t\t\t\t\t\t\t\t\t\t\t\t<img fetchpriority=\"high\" decoding=\"async\" width=\"1112\" height=\"1328\" src=\"https:\/\/jersey7906.vipshopia.com\/wp-content\/uploads\/2026\/04\/young-smiling-fashion-consultant-joyfully-giving-shoes-in-box-to-client-in-store-e1617076325537.jpg\" class=\"attachment-full size-full wp-image-111\" alt=\"\" srcset=\"https:\/\/jersey7906.vipshopia.com\/wp-content\/uploads\/2026\/04\/young-smiling-fashion-consultant-joyfully-giving-shoes-in-box-to-client-in-store-e1617076325537.jpg 1112w, https:\/\/jersey7906.vipshopia.com\/wp-content\/uploads\/2026\/04\/young-smiling-fashion-consultant-joyfully-giving-shoes-in-box-to-client-in-store-e1617076325537-600x717.jpg 600w, https:\/\/jersey7906.vipshopia.com\/wp-content\/uploads\/2026\/04\/young-smiling-fashion-consultant-joyfully-giving-shoes-in-box-to-client-in-store-e1617076325537-251x300.jpg 251w, https:\/\/jersey7906.vipshopia.com\/wp-content\/uploads\/2026\/04\/young-smiling-fashion-consultant-joyfully-giving-shoes-in-box-to-client-in-store-e1617076325537-857x1024.jpg 857w, https:\/\/jersey7906.vipshopia.com\/wp-content\/uploads\/2026\/04\/young-smiling-fashion-consultant-joyfully-giving-shoes-in-box-to-client-in-store-e1617076325537-768x917.jpg 768w\" sizes=\"(max-width: 1112px) 100vw, 1112px\" \/>\t\t\t\t\t\t\t\t\t\t\t\t\t\t\t<\/div>\n\t\t\t\t\t<\/div>\n\t\t<\/div>\n\t\t\t\t<div class=\"elementor-column elementor-col-50 elementor-inner-column elementor-element elementor-element-33c80e06\" data-id=\"33c80e06\" data-element_type=\"column\" data-e-type=\"column\">\n\t\t\t<div class=\"elementor-widget-wrap elementor-element-populated\">\n\t\t\t\t\t\t<div class=\"elementor-element elementor-element-4ea5e123 elementor-widget__width-auto elementor-widget-tablet__width-inherit elementor-widget elementor-widget-heading\" data-id=\"4ea5e123\" data-element_type=\"widget\" data-e-type=\"widget\" data-widget_type=\"heading.default\">\n\t\t\t\t\t<h2 class=\"elementor-heading-title elementor-size-default\">Compras.<\/h2>\t\t\t\t<\/div>\n\t\t\t\t<div class=\"elementor-element elementor-element-271062fa elementor-widget__width-initial elementor-widget-tablet__width-inherit elementor-widget-divider--view-line elementor-widget elementor-widget-divider\" data-id=\"271062fa\" data-element_type=\"widget\" data-e-type=\"widget\" data-widget_type=\"divider.default\">\n\t\t\t\t\t\t\t<div class=\"elementor-divider\">\n\t\t\t<span class=\"elementor-divider-separator\">\n\t\t\t\t\t\t<\/span>\n\t\t<\/div>\n\t\t\t\t\t\t<\/div>\n\t\t\t\t<div class=\"elementor-element elementor-element-61a585b0 elementor-widget elementor-widget-jkit_accordion\" data-id=\"61a585b0\" data-element_type=\"widget\" data-e-type=\"widget\" data-widget_type=\"jkit_accordion.default\">\n\t\t\t\t\t<div  class=\"jeg-elementor-kit jkit-accordion style-default jeg_module___6a02e029c0366\" ><div class=\"card-wrapper expand\">\n                <div class=\"card-header\">\n                    <a href=\"#expand-5c3dceb\" class=\"card-header-button\" aria-expanded=\"false\" data-target=\"#expand-5c3dceb\" aria-controls=\"expand-5c3dceb\">\n                        <div class=\"left-icon-group\">\n                <div class=\"normal-icon\"><svg aria-hidden=\"true\" class=\"e-font-icon-svg e-fas-chevron-down\" viewbox=\"0 0 448 512\" xmlns=\"http:\/\/www.w3.org\/2000\/svg\"><path d=\"M207.029 381.476L12.686 187.132c-9.373-9.373-9.373-24.569 0-33.941l22.667-22.667c9.357-9.357 24.522-9.375 33.901-.04L224 284.505l154.745-154.021c9.379-9.335 24.544-9.317 33.901.04l22.667 22.667c9.373 9.373 9.373 24.569 0 33.941L240.971 381.476c-9.373 9.372-24.569 9.372-33.942 0z\"><\/path><\/svg><\/div>\n                <div class=\"active-icon\"><svg aria-hidden=\"true\" class=\"e-font-icon-svg e-fas-chevron-up\" viewbox=\"0 0 448 512\" xmlns=\"http:\/\/www.w3.org\/2000\/svg\"><path d=\"M240.971 130.524l194.343 194.343c9.373 9.373 9.373 24.569 0 33.941l-22.667 22.667c-9.357 9.357-24.522 9.375-33.901.04L224 227.495 69.255 381.516c-9.379 9.335-24.544 9.317-33.901-.04l-22.667-22.667c-9.373-9.373-9.373-24.569 0-33.941L207.03 130.525c9.372-9.373 24.568-9.373 33.941-.001z\"><\/path><\/svg><\/div>\n            <\/div><span class=\"title\">\u00bfC\u00f3mo elegir la talla adecuada para mi maillot?<\/span>\n                    <\/a>\n                <\/div>\n                <div class=\"card-expand\" id=\"expand-5c3dceb\" style=\"display:block\"><div class=\"card-body\"><p>Proporcionamos tablas de tallas detalladas para todas las camisetas, con datos sobre el pecho, la longitud y los hombros. Comprueba la gu\u00eda de tallas antes de realizar el pedido para asegurarte un ajuste perfecto tanto para los partidos como para el d\u00eda a d\u00eda.<\/p><\/div><\/div>\n            <\/div><div class=\"card-wrapper\">\n                <div class=\"card-header\">\n                    <a href=\"#expand-f31a193\" class=\"card-header-button\" aria-expanded=\"false\" data-target=\"#expand-f31a193\" aria-controls=\"expand-f31a193\">\n                        <div class=\"left-icon-group\">\n                <div class=\"normal-icon\"><svg aria-hidden=\"true\" class=\"e-font-icon-svg e-fas-chevron-down\" viewbox=\"0 0 448 512\" xmlns=\"http:\/\/www.w3.org\/2000\/svg\"><path d=\"M207.029 381.476L12.686 187.132c-9.373-9.373-9.373-24.569 0-33.941l22.667-22.667c9.357-9.357 24.522-9.375 33.901-.04L224 284.505l154.745-154.021c9.379-9.335 24.544-9.317 33.901.04l22.667 22.667c9.373 9.373 9.373 24.569 0 33.941L240.971 381.476c-9.373 9.372-24.569 9.372-33.942 0z\"><\/path><\/svg><\/div>\n                <div class=\"active-icon\"><svg aria-hidden=\"true\" class=\"e-font-icon-svg e-fas-chevron-up\" viewbox=\"0 0 448 512\" xmlns=\"http:\/\/www.w3.org\/2000\/svg\"><path d=\"M240.971 130.524l194.343 194.343c9.373 9.373 9.373 24.569 0 33.941l-22.667 22.667c-9.357 9.357-24.522 9.375-33.901.04L224 227.495 69.255 381.516c-9.379 9.335-24.544 9.317-33.901-.04l-22.667-22.667c-9.373-9.373-9.373-24.569 0-33.941L207.03 130.525c9.372-9.373 24.568-9.373 33.941-.001z\"><\/path><\/svg><\/div>\n            <\/div><span class=\"title\">\u00bfPuedo personalizar mi camiseta con el nombre y el n\u00famero?<\/span>\n                    <\/a>\n                <\/div>\n                <div class=\"card-expand\" id=\"expand-f31a193\" style=\"display:none\"><div class=\"card-body\"><p>S\u00ed. Admitimos la impresi\u00f3n personalizada de nombres de jugadores, n\u00fameros, logotipos de equipos y esl\u00f3ganes en todas las camisetas de f\u00fatbol. Puedes rellenar la informaci\u00f3n de personalizaci\u00f3n en la p\u00e1gina del producto.<\/p><\/div><\/div>\n            <\/div><div class=\"card-wrapper\">\n                <div class=\"card-header\">\n                    <a href=\"#expand-01e38e9\" class=\"card-header-button\" aria-expanded=\"false\" data-target=\"#expand-01e38e9\" aria-controls=\"expand-01e38e9\">\n                        <div class=\"left-icon-group\">\n                <div class=\"normal-icon\"><svg aria-hidden=\"true\" class=\"e-font-icon-svg e-fas-chevron-down\" viewbox=\"0 0 448 512\" xmlns=\"http:\/\/www.w3.org\/2000\/svg\"><path d=\"M207.029 381.476L12.686 187.132c-9.373-9.373-9.373-24.569 0-33.941l22.667-22.667c9.357-9.357 24.522-9.375 33.901-.04L224 284.505l154.745-154.021c9.379-9.335 24.544-9.317 33.901.04l22.667 22.667c9.373 9.373 9.373 24.569 0 33.941L240.971 381.476c-9.373 9.372-24.569 9.372-33.942 0z\"><\/path><\/svg><\/div>\n                <div class=\"active-icon\"><svg aria-hidden=\"true\" class=\"e-font-icon-svg e-fas-chevron-up\" viewbox=\"0 0 448 512\" xmlns=\"http:\/\/www.w3.org\/2000\/svg\"><path d=\"M240.971 130.524l194.343 194.343c9.373 9.373 9.373 24.569 0 33.941l-22.667 22.667c-9.357 9.357-24.522 9.375-33.901.04L224 227.495 69.255 381.516c-9.379 9.335-24.544 9.317-33.901-.04l-22.667-22.667c-9.373-9.373-9.373-24.569 0-33.941L207.03 130.525c9.372-9.373 24.568-9.373 33.941-.001z\"><\/path><\/svg><\/div>\n            <\/div><span class=\"title\">\u00bfTienen tiendas f\u00edsicas para probarse camisetas?<\/span>\n                    <\/a>\n                <\/div>\n                <div class=\"card-expand\" id=\"expand-01e38e9\" style=\"display:none\"><div class=\"card-body\"><p>Actualmente, s\u00f3lo realizamos ventas en l\u00ednea. Todas las im\u00e1genes de maillots est\u00e1n tomadas en plano real para restituir el color, el tejido y el corte reales del producto.<\/p><\/div><\/div>\n            <\/div><\/div>\t\t\t\t<\/div>\n\t\t\t\t\t<\/div>\n\t\t<\/div>\n\t\t\t\t\t<\/div>\n\t\t<\/section>\n\t\t\t\t<div class=\"elementor-element elementor-element-2bd12916 elementor-widget__width-initial elementor-widget-tablet__width-inherit elementor-widget elementor-widget-heading\" data-id=\"2bd12916\" data-element_type=\"widget\" data-e-type=\"widget\" data-widget_type=\"heading.default\">\n\t\t\t\t\t<h2 class=\"elementor-heading-title elementor-size-default\">Pago y env\u00edo<\/h2>\t\t\t\t<\/div>\n\t\t\t\t<div class=\"elementor-element elementor-element-7f741ff2 elementor-widget__width-initial elementor-widget-tablet__width-inherit elementor-widget-divider--view-line elementor-widget elementor-widget-divider\" data-id=\"7f741ff2\" data-element_type=\"widget\" data-e-type=\"widget\" data-widget_type=\"divider.default\">\n\t\t\t\t\t\t\t<div class=\"elementor-divider\">\n\t\t\t<span class=\"elementor-divider-separator\">\n\t\t\t\t\t\t<\/span>\n\t\t<\/div>\n\t\t\t\t\t\t<\/div>\n\t\t\t\t<section class=\"elementor-section elementor-inner-section elementor-element elementor-element-366ebc04 elementor-section-boxed elementor-section-height-default elementor-section-height-default\" data-id=\"366ebc04\" data-element_type=\"section\" data-e-type=\"section\">\n\t\t\t\t\t\t<div class=\"elementor-container elementor-column-gap-no\">\n\t\t\t\t\t<div class=\"elementor-column elementor-col-50 elementor-inner-column elementor-element elementor-element-48c57ddd\" data-id=\"48c57ddd\" data-element_type=\"column\" data-e-type=\"column\">\n\t\t\t<div class=\"elementor-widget-wrap elementor-element-populated\">\n\t\t\t\t\t\t<div class=\"elementor-element elementor-element-2c9257ba elementor-widget elementor-widget-jkit_accordion\" data-id=\"2c9257ba\" data-element_type=\"widget\" data-e-type=\"widget\" data-widget_type=\"jkit_accordion.default\">\n\t\t\t\t\t<div  class=\"jeg-elementor-kit jkit-accordion style-default jeg_module__1_6a02e029c117c\" ><div class=\"card-wrapper expand\">\n                <div class=\"card-header\">\n                    <a href=\"#expand-5c3dceb\" class=\"card-header-button\" aria-expanded=\"false\" data-target=\"#expand-5c3dceb\" aria-controls=\"expand-5c3dceb\">\n                        <div class=\"left-icon-group\">\n                <div class=\"normal-icon\"><svg aria-hidden=\"true\" class=\"e-font-icon-svg e-fas-chevron-down\" viewbox=\"0 0 448 512\" xmlns=\"http:\/\/www.w3.org\/2000\/svg\"><path d=\"M207.029 381.476L12.686 187.132c-9.373-9.373-9.373-24.569 0-33.941l22.667-22.667c9.357-9.357 24.522-9.375 33.901-.04L224 284.505l154.745-154.021c9.379-9.335 24.544-9.317 33.901.04l22.667 22.667c9.373 9.373 9.373 24.569 0 33.941L240.971 381.476c-9.373 9.372-24.569 9.372-33.942 0z\"><\/path><\/svg><\/div>\n                <div class=\"active-icon\"><svg aria-hidden=\"true\" class=\"e-font-icon-svg e-fas-chevron-up\" viewbox=\"0 0 448 512\" xmlns=\"http:\/\/www.w3.org\/2000\/svg\"><path d=\"M240.971 130.524l194.343 194.343c9.373 9.373 9.373 24.569 0 33.941l-22.667 22.667c-9.357 9.357-24.522 9.375-33.901.04L224 227.495 69.255 381.516c-9.379 9.335-24.544 9.317-33.901-.04l-22.667-22.667c-9.373-9.373-9.373-24.569 0-33.941L207.03 130.525c9.372-9.373 24.568-9.373 33.941-.001z\"><\/path><\/svg><\/div>\n            <\/div><span class=\"title\">\u00bfQu\u00e9 m\u00e9todos de pago se aceptan?<\/span>\n                    <\/a>\n                <\/div>\n                <div class=\"card-expand\" id=\"expand-5c3dceb\" style=\"display:block\"><div class=\"card-body\"><p>Admitimos tarjeta de cr\u00e9dito, tarjeta de d\u00e9bito, monedero digital y pago seguro internacional. Todas las transacciones est\u00e1n encriptadas para proteger su informaci\u00f3n de pago.<\/p><\/div><\/div>\n            <\/div><div class=\"card-wrapper\">\n                <div class=\"card-header\">\n                    <a href=\"#expand-f31a193\" class=\"card-header-button\" aria-expanded=\"false\" data-target=\"#expand-f31a193\" aria-controls=\"expand-f31a193\">\n                        <div class=\"left-icon-group\">\n                <div class=\"normal-icon\"><svg aria-hidden=\"true\" class=\"e-font-icon-svg e-fas-chevron-down\" viewbox=\"0 0 448 512\" xmlns=\"http:\/\/www.w3.org\/2000\/svg\"><path d=\"M207.029 381.476L12.686 187.132c-9.373-9.373-9.373-24.569 0-33.941l22.667-22.667c9.357-9.357 24.522-9.375 33.901-.04L224 284.505l154.745-154.021c9.379-9.335 24.544-9.317 33.901.04l22.667 22.667c9.373 9.373 9.373 24.569 0 33.941L240.971 381.476c-9.373 9.372-24.569 9.372-33.942 0z\"><\/path><\/svg><\/div>\n                <div class=\"active-icon\"><svg aria-hidden=\"true\" class=\"e-font-icon-svg e-fas-chevron-up\" viewbox=\"0 0 448 512\" xmlns=\"http:\/\/www.w3.org\/2000\/svg\"><path d=\"M240.971 130.524l194.343 194.343c9.373 9.373 9.373 24.569 0 33.941l-22.667 22.667c-9.357 9.357-24.522 9.375-33.901.04L224 227.495 69.255 381.516c-9.379 9.335-24.544 9.317-33.901-.04l-22.667-22.667c-9.373-9.373-9.373-24.569 0-33.941L207.03 130.525c9.372-9.373 24.568-9.373 33.941-.001z\"><\/path><\/svg><\/div>\n            <\/div><span class=\"title\">\u00bfEs seguro el proceso de pago en los pedidos internacionales?<\/span>\n                    <\/a>\n                <\/div>\n                <div class=\"card-expand\" id=\"expand-f31a193\" style=\"display:none\"><div class=\"card-body\"><p>Por supuesto. Utilizamos canales de pago seguros oficiales. Ning\u00fan dato sensible del pago se almacenar\u00e1 en nuestro servidor.<\/p><\/div><\/div>\n            <\/div><\/div>\t\t\t\t<\/div>\n\t\t\t\t\t<\/div>\n\t\t<\/div>\n\t\t\t\t<div class=\"elementor-column elementor-col-50 elementor-inner-column elementor-element elementor-element-4479b052\" data-id=\"4479b052\" data-element_type=\"column\" data-e-type=\"column\">\n\t\t\t<div class=\"elementor-widget-wrap elementor-element-populated\">\n\t\t\t\t\t\t<div class=\"elementor-element elementor-element-153847c4 elementor-widget elementor-widget-jkit_accordion\" data-id=\"153847c4\" data-element_type=\"widget\" data-e-type=\"widget\" data-widget_type=\"jkit_accordion.default\">\n\t\t\t\t\t<div  class=\"jeg-elementor-kit jkit-accordion style-default jeg_module__2_6a02e029c1b13\" ><div class=\"card-wrapper expand\">\n                <div class=\"card-header\">\n                    <a href=\"#expand-5c3dceb\" class=\"card-header-button\" aria-expanded=\"false\" data-target=\"#expand-5c3dceb\" aria-controls=\"expand-5c3dceb\">\n                        <div class=\"left-icon-group\">\n                <div class=\"normal-icon\"><svg aria-hidden=\"true\" class=\"e-font-icon-svg e-fas-chevron-down\" viewbox=\"0 0 448 512\" xmlns=\"http:\/\/www.w3.org\/2000\/svg\"><path d=\"M207.029 381.476L12.686 187.132c-9.373-9.373-9.373-24.569 0-33.941l22.667-22.667c9.357-9.357 24.522-9.375 33.901-.04L224 284.505l154.745-154.021c9.379-9.335 24.544-9.317 33.901.04l22.667 22.667c9.373 9.373 9.373 24.569 0 33.941L240.971 381.476c-9.373 9.372-24.569 9.372-33.942 0z\"><\/path><\/svg><\/div>\n                <div class=\"active-icon\"><svg aria-hidden=\"true\" class=\"e-font-icon-svg e-fas-chevron-up\" viewbox=\"0 0 448 512\" xmlns=\"http:\/\/www.w3.org\/2000\/svg\"><path d=\"M240.971 130.524l194.343 194.343c9.373 9.373 9.373 24.569 0 33.941l-22.667 22.667c-9.357 9.357-24.522 9.375-33.901.04L224 227.495 69.255 381.516c-9.379 9.335-24.544 9.317-33.901-.04l-22.667-22.667c-9.373-9.373-9.373-24.569 0-33.941L207.03 130.525c9.372-9.373 24.568-9.373 33.941-.001z\"><\/path><\/svg><\/div>\n            <\/div><span class=\"title\">\u00bfCu\u00e1nto tardar\u00e9 en recibir mi camiseta de f\u00fatbol?<\/span>\n                    <\/a>\n                <\/div>\n                <div class=\"card-expand\" id=\"expand-5c3dceb\" style=\"display:block\"><div class=\"card-body\"><p>El env\u00edo est\u00e1ndar tarda entre 7 y 15 d\u00edas laborables. El env\u00edo expr\u00e9s est\u00e1 disponible para una entrega r\u00e1pida en 3-5 d\u00edas laborables.<\/p><\/div><\/div>\n            <\/div><div class=\"card-wrapper\">\n                <div class=\"card-header\">\n                    <a href=\"#expand-f31a193\" class=\"card-header-button\" aria-expanded=\"false\" data-target=\"#expand-f31a193\" aria-controls=\"expand-f31a193\">\n                        <div class=\"left-icon-group\">\n                <div class=\"normal-icon\"><svg aria-hidden=\"true\" class=\"e-font-icon-svg e-fas-chevron-down\" viewbox=\"0 0 448 512\" xmlns=\"http:\/\/www.w3.org\/2000\/svg\"><path d=\"M207.029 381.476L12.686 187.132c-9.373-9.373-9.373-24.569 0-33.941l22.667-22.667c9.357-9.357 24.522-9.375 33.901-.04L224 284.505l154.745-154.021c9.379-9.335 24.544-9.317 33.901.04l22.667 22.667c9.373 9.373 9.373 24.569 0 33.941L240.971 381.476c-9.373 9.372-24.569 9.372-33.942 0z\"><\/path><\/svg><\/div>\n                <div class=\"active-icon\"><svg aria-hidden=\"true\" class=\"e-font-icon-svg e-fas-chevron-up\" viewbox=\"0 0 448 512\" xmlns=\"http:\/\/www.w3.org\/2000\/svg\"><path d=\"M240.971 130.524l194.343 194.343c9.373 9.373 9.373 24.569 0 33.941l-22.667 22.667c-9.357 9.357-24.522 9.375-33.901.04L224 227.495 69.255 381.516c-9.379 9.335-24.544 9.317-33.901-.04l-22.667-22.667c-9.373-9.373-9.373-24.569 0-33.941L207.03 130.525c9.372-9.373 24.568-9.373 33.941-.001z\"><\/path><\/svg><\/div>\n            <\/div><span class=\"title\">\u00bfPuedo seguir mi pedido de maillots por Internet?<\/span>\n                    <\/a>\n                <\/div>\n                <div class=\"card-expand\" id=\"expand-f31a193\" style=\"display:none\"><div class=\"card-body\"><p>S\u00ed. Despu\u00e9s del env\u00edo, le enviaremos un n\u00famero de seguimiento a su correo electr\u00f3nico. Puede comprobar el estado de la entrega en cualquier momento.<\/p><\/div><\/div>\n            <\/div><\/div>\t\t\t\t<\/div>\n\t\t\t\t\t<\/div>\n\t\t<\/div>\n\t\t\t\t\t<\/div>\n\t\t<\/section>\n\t\t\t\t\t<\/div>\n\t\t<\/div>\n\t\t\t\t\t<\/div>\n\t\t<\/section>\n\t\t\t\t<\/div>","protected":false},"excerpt":{"rendered":"<p>FAQ SHopping. How do I choose the right size for my jersey? We provide detailed size charts for all jerseys, including chest, length and shoulder data. Please check the size guide before ordering to ensure a perfect fit for match wear or daily casual wear. Can I customize my jersey with name and number? Yes. [&hellip;]<\/p>\n","protected":false},"author":3,"featured_media":0,"parent":0,"menu_order":0,"comment_status":"closed","ping_status":"closed","template":"elementor_header_footer","meta":{"footnotes":""},"class_list":["post-202","page","type-page","status-publish","hentry"],"_hostinger_reach_plugin_has_subscription_block":false,"_hostinger_reach_plugin_is_elementor":false,"_links":{"self":[{"href":"https:\/\/jersey7906.vipshopia.com\/es\/wp-json\/wp\/v2\/pages\/202","targetHints":{"allow":["GET"]}}],"collection":[{"href":"https:\/\/jersey7906.vipshopia.com\/es\/wp-json\/wp\/v2\/pages"}],"about":[{"href":"https:\/\/jersey7906.vipshopia.com\/es\/wp-json\/wp\/v2\/types\/page"}],"author":[{"embeddable":true,"href":"https:\/\/jersey7906.vipshopia.com\/es\/wp-json\/wp\/v2\/users\/3"}],"replies":[{"embeddable":true,"href":"https:\/\/jersey7906.vipshopia.com\/es\/wp-json\/wp\/v2\/comments?post=202"}],"version-history":[{"count":19,"href":"https:\/\/jersey7906.vipshopia.com\/es\/wp-json\/wp\/v2\/pages\/202\/revisions"}],"predecessor-version":[{"id":1648,"href":"https:\/\/jersey7906.vipshopia.com\/es\/wp-json\/wp\/v2\/pages\/202\/revisions\/1648"}],"wp:attachment":[{"href":"https:\/\/jersey7906.vipshopia.com\/es\/wp-json\/wp\/v2\/media?parent=202"}],"curies":[{"name":"wp","href":"https:\/\/api.w.org\/{rel}","templated":true}]}}